{"id":29498,"date":"2026-04-22T04:11:58","date_gmt":"2026-04-22T04:11:58","guid":{"rendered":"https:\/\/vitatika.com\/?post_type=product&#038;p=29498"},"modified":"2026-05-07T04:08:55","modified_gmt":"2026-05-07T04:08:55","slug":"29498","status":"publish","type":"product","link":"https:\/\/vitatika.com\/?product=29498","title":{"rendered":"Omega 3 2500mg (3 tomas)-120 Capsulas blandas-Nutricost"},"content":{"rendered":"","protected":false},"excerpt":{"rendered":"<p><strong>Beneficios:<\/strong><\/p>\n<p>Suplemento de aceite de pescado de alta concentraci\u00f3n dise\u00f1ado para apoyar la salud cardiovascular, cerebral y articular. Se caracteriza por proporcionar una alta dosis de \u00e1cidos grasos EPA y DHA.<\/p>\n<p>Salud Cardiovascular: Ayuda a reducir los triglic\u00e9ridos y contribuye a mantener niveles saludables de colesterol.<\/p>\n<p>Acci\u00f3n Antiinflamatoria: Ayuda a disminuir la inflamaci\u00f3n en el cuerpo.<\/p>\n<p>Funci\u00f3n Cerebral y Cognitiva: Mejora la memoria, el aprendizaje y la concentraci\u00f3n.<\/p>\n<p>Salud Articular y Ocular: Apoya la flexibilidad de las articulaciones y mantiene la salud visual.<\/p>\n<p>Alta Concentraci\u00f3n: Generalmente ofrece 1200 mg de EPA y 850 mg-910 mg de DHA por porci\u00f3n (3 c\u00e1psulas.<\/p>\n<p><strong>M\u00e9todo de uso:<\/strong><\/p>\n<p>La recomendaci\u00f3n habitual es tomar 3 c\u00e1psulas blandas al d\u00eda.<\/p>\n<p>Se sugiere consumir con las comidas (preferiblemente ricas en grasas saludables) para mejorar la absorci\u00f3n y reducir el sabor a pescado.<\/p>\n<p>Para adultos sanos de 18 a\u00f1os en adelante.<\/p>\n<p><strong>Contraindicaciones:<\/strong><\/p>\n<p>Problemas de Coagulaci\u00f3n: Debido a su efecto anticoagulante, no se recomienda en personas con trastornos de sangrado o que toman anticoagulantes (como warfarina) sin consultar a un m\u00e9dico.<\/p>\n<p>Efectos Secundarios Leves: Pueden incluir eructos, sabor a pescado, n\u00e1useas, diarrea o indigesti\u00f3n, especialmente a dosis altas.<\/p>\n<p>Embarazo\/Lactancia: Consultar a un m\u00e9dico antes de su uso.<\/p>\n","protected":false},"featured_media":29499,"comment_status":"open","ping_status":"closed","template":"","meta":{"_joinchat":[]},"product_brand":[94,98],"product_cat":[76,101,83,80,103],"product_tag":[],"class_list":{"0":"post-29498","1":"product","2":"type-product","3":"status-publish","4":"has-post-thumbnail","6":"product_brand-marcas","7":"product_brand-nutricost","8":"product_cat-bienestar-general","9":"product_cat-promociones","10":"product_cat-salud-cardiovascular","11":"product_cat-salud-osea-y-articular","12":"product_cat-todos-los-descuentos","14":"first","15":"instock","16":"sale","17":"shipping-taxable","18":"purchasable","19":"product-type-simple"},"_links":{"self":[{"href":"https:\/\/vitatika.com\/index.php?rest_route=\/wp\/v2\/product\/29498","targetHints":{"allow":["GET"]}}],"collection":[{"href":"https:\/\/vitatika.com\/index.php?rest_route=\/wp\/v2\/product"}],"about":[{"href":"https:\/\/vitatika.com\/index.php?rest_route=\/wp\/v2\/types\/product"}],"replies":[{"embeddable":true,"href":"https:\/\/vitatika.com\/index.php?rest_route=%2Fwp%2Fv2%2Fcomments&post=29498"}],"version-history":[{"count":3,"href":"https:\/\/vitatika.com\/index.php?rest_route=\/wp\/v2\/product\/29498\/revisions"}],"predecessor-version":[{"id":29503,"href":"https:\/\/vitatika.com\/index.php?rest_route=\/wp\/v2\/product\/29498\/revisions\/29503"}],"wp:featuredmedia":[{"embeddable":true,"href":"https:\/\/vitatika.com\/index.php?rest_route=\/wp\/v2\/media\/29499"}],"wp:attachment":[{"href":"https:\/\/vitatika.com\/index.php?rest_route=%2Fwp%2Fv2%2Fmedia&parent=29498"}],"wp:term":[{"taxonomy":"product_brand","embeddable":true,"href":"https:\/\/vitatika.com\/index.php?rest_route=%2Fwp%2Fv2%2Fproduct_brand&post=29498"},{"taxonomy":"product_cat","embeddable":true,"href":"https:\/\/vitatika.com\/index.php?rest_route=%2Fwp%2Fv2%2Fproduct_cat&post=29498"},{"taxonomy":"product_tag","embeddable":true,"href":"https:\/\/vitatika.com\/index.php?rest_route=%2Fwp%2Fv2%2Fproduct_tag&post=29498"}],"curies":[{"name":"wp","href":"https:\/\/api.w.org\/{rel}","templated":true}]}}