{"id":29365,"date":"2026-02-12T03:19:19","date_gmt":"2026-02-12T03:19:19","guid":{"rendered":"https:\/\/vitatika.com\/?post_type=product&#038;p=29365"},"modified":"2026-02-12T03:45:29","modified_gmt":"2026-02-12T03:45:29","slug":"inositol-500mg-240caps-nutricost","status":"publish","type":"product","link":"https:\/\/vitatika.com\/?product=inositol-500mg-240caps-nutricost","title":{"rendered":"Inositol 500mg 240caps-Nutricost"},"content":{"rendered":"","protected":false},"excerpt":{"rendered":"<p>Beneficios:<br \/>\nFavorece el equilibrio hormonal, la salud metab\u00f3lica (resistencia a la insulina) y el bienestar emocional. Ideal para apoyar el tratamiento del s\u00edndrome de ovario poliqu\u00edstico (SOP), mejorar la fertilidad y reducir el estr\u00e9s.<\/p>\n<p>Salud Hormonal y Fertilidad (SOP): Ayuda a regular el ciclo menstrual, mejorar la ovulaci\u00f3n y la calidad de los \u00f3vulos en mujeres con S\u00edndrome de Ovario Poliqu\u00edstico (SOP).<\/p>\n<p>Equilibrio Metab\u00f3lico: Mejora la sensibilidad a la insulina y ayuda a regular los niveles de glucosa en la sangre.<\/p>\n<p>Bienestar Emocional: Apoya la reducci\u00f3n del estr\u00e9s, la ansiedad y mejora el estado de \u00e1nimo al actuar sobre los neurotransmisores.<\/p>\n<p>Salud Capilar: Fortalece los fol\u00edculos pilosos y promueve la salud del cuero cabelludo.<\/p>\n<p>M\u00e9todo de uso:<br \/>\nSe recomienda tomar 1 c\u00e1psula al d\u00eda o seg\u00fan indicaciones.<\/p>\n<p>Contraindicaciones:<\/p>\n<p>Puede interactuar con medicamentos para la diabetes (antidiab\u00e9ticos), potenciando el efecto y reduciendo demasiado los niveles de glucosa.<\/p>\n<p>No se recomienda su uso sin supervisi\u00f3n m\u00e9dica previa para personas en periodo de embarazo o lactancia.<\/p>\n<p>Personas con trastornos hep\u00e1ticos o renales deben consultar a su m\u00e9dico antes de tomarlo.<br \/>\nSe recomienda consultar a un profesional de la salud antes de comenzar la suplementaci\u00f3n, especialmente para determinar la dosis adecuada, ya que altas dosis pueden causar malestares estomacales.<\/p>\n","protected":false},"featured_media":29374,"comment_status":"open","ping_status":"closed","template":"","meta":{"_joinchat":[]},"product_brand":[],"product_cat":[76,85,113,81,84],"product_tag":[],"class_list":{"0":"post-29365","1":"product","2":"type-product","3":"status-publish","4":"has-post-thumbnail","6":"product_cat-bienestar-general","7":"product_cat-cuidado-de-la-piel-y-el-cabello","8":"product_cat-salud-hormonal","9":"product_cat-salud-mental-y-cognitiva","10":"product_cat-suplementos-para-la-belleza","12":"first","13":"instock","14":"shipping-taxable","15":"purchasable","16":"product-type-simple"},"_links":{"self":[{"href":"https:\/\/vitatika.com\/index.php?rest_route=\/wp\/v2\/product\/29365","targetHints":{"allow":["GET"]}}],"collection":[{"href":"https:\/\/vitatika.com\/index.php?rest_route=\/wp\/v2\/product"}],"about":[{"href":"https:\/\/vitatika.com\/index.php?rest_route=\/wp\/v2\/types\/product"}],"replies":[{"embeddable":true,"href":"https:\/\/vitatika.com\/index.php?rest_route=%2Fwp%2Fv2%2Fcomments&post=29365"}],"version-history":[{"count":2,"href":"https:\/\/vitatika.com\/index.php?rest_route=\/wp\/v2\/product\/29365\/revisions"}],"predecessor-version":[{"id":29379,"href":"https:\/\/vitatika.com\/index.php?rest_route=\/wp\/v2\/product\/29365\/revisions\/29379"}],"wp:featuredmedia":[{"embeddable":true,"href":"https:\/\/vitatika.com\/index.php?rest_route=\/wp\/v2\/media\/29374"}],"wp:attachment":[{"href":"https:\/\/vitatika.com\/index.php?rest_route=%2Fwp%2Fv2%2Fmedia&parent=29365"}],"wp:term":[{"taxonomy":"product_brand","embeddable":true,"href":"https:\/\/vitatika.com\/index.php?rest_route=%2Fwp%2Fv2%2Fproduct_brand&post=29365"},{"taxonomy":"product_cat","embeddable":true,"href":"https:\/\/vitatika.com\/index.php?rest_route=%2Fwp%2Fv2%2Fproduct_cat&post=29365"},{"taxonomy":"product_tag","embeddable":true,"href":"https:\/\/vitatika.com\/index.php?rest_route=%2Fwp%2Fv2%2Fproduct_tag&post=29365"}],"curies":[{"name":"wp","href":"https:\/\/api.w.org\/{rel}","templated":true}]}}