{"id":29354,"date":"2026-02-12T02:40:14","date_gmt":"2026-02-12T02:40:14","guid":{"rendered":"https:\/\/vitatika.com\/?post_type=product&#038;p=29354"},"modified":"2026-05-07T04:29:05","modified_gmt":"2026-05-07T04:29:05","slug":"glutation-500-mg-30-caps-xtralife","status":"publish","type":"product","link":"https:\/\/vitatika.com\/?product=glutation-500-mg-30-caps-xtralife","title":{"rendered":"Glutation 500 mg-30 caps-XTRALIFE"},"content":{"rendered":"","protected":false},"excerpt":{"rendered":"<p>Beneficios:<br \/>\nEl glutati\u00f3n participa en la eliminaci\u00f3n de las toxinas de las c\u00e9lulas, el transporte de vitaminas y minerales, la regulaci\u00f3n del sistema inmunitario y, sobre todo, en la protecci\u00f3n antioxidante. El glutati\u00f3n se une a las toxinas y a los radicales libres, neutraliz\u00e1ndolos.<br \/>\nPotencia la actividad de otros antioxidantes como la vitamina C y la vitamina E.<br \/>\nCombate el da\u00f1o de los radicales libres en las c\u00e9lulas.<br \/>\nProtege contra enfermedades cr\u00f3nicas vinculadas con el estr\u00e9s oxidativo.<br \/>\nControla la inflamaci\u00f3n.<br \/>\nPropiedades antienvejecimiento.<br \/>\nRefuerza el sistema inmunol\u00f3gico.<br \/>\nProtege contra el deterioro cognitivo relacionado con la edad.<br \/>\nMitiga la aparici\u00f3n de la osteoporosis.<br \/>\nAyuda a combatir las infecciones.<br \/>\nEs clave en la reparaci\u00f3n de los da\u00f1os causados en las c\u00e9lulas por los f\u00e1rmacos.<br \/>\nPreviene enfermedades cardiacas.<br \/>\nJuega un papel muy importante en las funciones de desintoxicaci\u00f3n del h\u00edgado.<br \/>\nNecesario para el crecimiento y las contracciones de los m\u00fasculos<\/p>\n<p>M\u00e9todo de uso:<br \/>\nDisolver 1 a 3 gr en agua o jugos naturales despu\u00e9s del desayuno.<\/p>\n<p>Contraindicaciones:<br \/>\nEste producto \u00abno es medicina\u00bb y no pretende tratar o curar enfermedad alguna. Es un suplemento y lo recomendable es consultar con un m\u00e9dico antes de incorporar un suplemento a su dieta diaria.<\/p>\n","protected":false},"featured_media":29355,"comment_status":"open","ping_status":"closed","template":"","meta":{"_joinchat":[]},"product_brand":[97],"product_cat":[86,85,84],"product_tag":[],"class_list":{"0":"post-29354","1":"product","2":"type-product","3":"status-publish","4":"has-post-thumbnail","6":"product_brand-xtralife","7":"product_cat-antioxidantes","8":"product_cat-cuidado-de-la-piel-y-el-cabello","9":"product_cat-suplementos-para-la-belleza","11":"first","12":"instock","13":"shipping-taxable","14":"purchasable","15":"product-type-simple"},"_links":{"self":[{"href":"https:\/\/vitatika.com\/index.php?rest_route=\/wp\/v2\/product\/29354","targetHints":{"allow":["GET"]}}],"collection":[{"href":"https:\/\/vitatika.com\/index.php?rest_route=\/wp\/v2\/product"}],"about":[{"href":"https:\/\/vitatika.com\/index.php?rest_route=\/wp\/v2\/types\/product"}],"replies":[{"embeddable":true,"href":"https:\/\/vitatika.com\/index.php?rest_route=%2Fwp%2Fv2%2Fcomments&post=29354"}],"version-history":[{"count":2,"href":"https:\/\/vitatika.com\/index.php?rest_route=\/wp\/v2\/product\/29354\/revisions"}],"predecessor-version":[{"id":29358,"href":"https:\/\/vitatika.com\/index.php?rest_route=\/wp\/v2\/product\/29354\/revisions\/29358"}],"wp:featuredmedia":[{"embeddable":true,"href":"https:\/\/vitatika.com\/index.php?rest_route=\/wp\/v2\/media\/29355"}],"wp:attachment":[{"href":"https:\/\/vitatika.com\/index.php?rest_route=%2Fwp%2Fv2%2Fmedia&parent=29354"}],"wp:term":[{"taxonomy":"product_brand","embeddable":true,"href":"https:\/\/vitatika.com\/index.php?rest_route=%2Fwp%2Fv2%2Fproduct_brand&post=29354"},{"taxonomy":"product_cat","embeddable":true,"href":"https:\/\/vitatika.com\/index.php?rest_route=%2Fwp%2Fv2%2Fproduct_cat&post=29354"},{"taxonomy":"product_tag","embeddable":true,"href":"https:\/\/vitatika.com\/index.php?rest_route=%2Fwp%2Fv2%2Fproduct_tag&post=29354"}],"curies":[{"name":"wp","href":"https:\/\/api.w.org\/{rel}","templated":true}]}}