{"id":29255,"date":"2026-02-03T22:36:26","date_gmt":"2026-02-03T22:36:26","guid":{"rendered":"https:\/\/vitatika.com\/?post_type=product&#038;p=29255"},"modified":"2026-02-05T22:06:00","modified_gmt":"2026-02-05T22:06:00","slug":"glicinato-de-magnesio-en-capsulas-natures-truth","status":"publish","type":"product","link":"https:\/\/vitatika.com\/?product=glicinato-de-magnesio-en-capsulas-natures-truth","title":{"rendered":"Glicinato de Magnesio en C\u00e1psulas-Nature&#8217;s Truth"},"content":{"rendered":"<p>Beneficios:<br \/>\nEl Glicinato de Magnesio es una forma altamente absorbible de magnesio, un mineral esencial que el cuerpo necesita pero que no puede producir por s\u00ed solo. Si bien el magnesio se puede obtener a trav\u00e9s de ciertos alimentos como los cereales integrales y las verduras de hoja, un suplemento de alta calidad puede ayudarle a satisfacer sus necesidades diarias de este importante mineral.<br \/>\nComplementa la ingesta diaria de magnesio con una f\u00f3rmula altamente absorbible, lo que promueve los niveles de minerales esenciales para la salud y el bienestar general. Ideal para quienes buscan una mejor absorci\u00f3n de minerales<\/p>\n<p>M\u00e9todo de uso:<br \/>\nLos adultos deben tomar dos (2) c\u00e1psulas de liberaci\u00f3n r\u00e1pida por d\u00eda, preferiblemente con una comida.<\/p>\n<p>Contraindicaciones:<br \/>\nSi est\u00e1 embarazada o lactando, toma alg\u00fan medicamento o tiene alguna afecci\u00f3n m\u00e9dica, incluida la enfermedad renal, consulte con un m\u00e9dico antes de usar este producto. Descontin\u00fae su uso de inmediato y consulte con un m\u00e9dico si experimenta alguna reacci\u00f3n adversa. No use el producto si falta el sello debajo de la tapa o este est\u00e1 roto. Mantenga fuera del alcance de los ni\u00f1os. Almacene en un lugar fresco y seco.<\/p>\n","protected":false},"excerpt":{"rendered":"<p>Beneficios: El Glicinato de Magnesio es una forma altamente absorbible de magnesio, un mineral esencial que el cuerpo necesita pero<\/p>\n","protected":false},"featured_media":29257,"comment_status":"open","ping_status":"closed","template":"","meta":{"_joinchat":[]},"product_brand":[100],"product_cat":[76,77,87,88],"product_tag":[],"class_list":{"0":"post-29255","1":"product","2":"type-product","3":"status-publish","4":"has-post-thumbnail","6":"product_brand-6-naturess-truth","7":"product_cat-bienestar-general","8":"product_cat-energia-y-vitalidad","9":"product_cat-relajacion-y-sueno","10":"product_cat-sueno-y-relajacion","12":"first","13":"instock","14":"shipping-taxable","15":"purchasable","16":"product-type-variable"},"_links":{"self":[{"href":"https:\/\/vitatika.com\/index.php?rest_route=\/wp\/v2\/product\/29255","targetHints":{"allow":["GET"]}}],"collection":[{"href":"https:\/\/vitatika.com\/index.php?rest_route=\/wp\/v2\/product"}],"about":[{"href":"https:\/\/vitatika.com\/index.php?rest_route=\/wp\/v2\/types\/product"}],"replies":[{"embeddable":true,"href":"https:\/\/vitatika.com\/index.php?rest_route=%2Fwp%2Fv2%2Fcomments&post=29255"}],"version-history":[{"count":2,"href":"https:\/\/vitatika.com\/index.php?rest_route=\/wp\/v2\/product\/29255\/revisions"}],"predecessor-version":[{"id":29262,"href":"https:\/\/vitatika.com\/index.php?rest_route=\/wp\/v2\/product\/29255\/revisions\/29262"}],"wp:featuredmedia":[{"embeddable":true,"href":"https:\/\/vitatika.com\/index.php?rest_route=\/wp\/v2\/media\/29257"}],"wp:attachment":[{"href":"https:\/\/vitatika.com\/index.php?rest_route=%2Fwp%2Fv2%2Fmedia&parent=29255"}],"wp:term":[{"taxonomy":"product_brand","embeddable":true,"href":"https:\/\/vitatika.com\/index.php?rest_route=%2Fwp%2Fv2%2Fproduct_brand&post=29255"},{"taxonomy":"product_cat","embeddable":true,"href":"https:\/\/vitatika.com\/index.php?rest_route=%2Fwp%2Fv2%2Fproduct_cat&post=29255"},{"taxonomy":"product_tag","embeddable":true,"href":"https:\/\/vitatika.com\/index.php?rest_route=%2Fwp%2Fv2%2Fproduct_tag&post=29255"}],"curies":[{"name":"wp","href":"https:\/\/api.w.org\/{rel}","templated":true}]}}