{"id":29252,"date":"2026-02-03T22:33:50","date_gmt":"2026-02-03T22:33:50","guid":{"rendered":"https:\/\/vitatika.com\/?post_type=product&#038;p=29252"},"modified":"2026-05-07T04:19:36","modified_gmt":"2026-05-07T04:19:36","slug":"magnesio-en-gomitas-para-ninos-60-gummies-natures-truth","status":"publish","type":"product","link":"https:\/\/vitatika.com\/?product=magnesio-en-gomitas-para-ninos-60-gummies-natures-truth","title":{"rendered":"Magnesio en Gomitas para ni\u00f1os-50 Gummies-Nature&#8217;s Truth"},"content":{"rendered":"","protected":false},"excerpt":{"rendered":"<table width=\"604\">\n<tbody>\n<tr>\n<td width=\"604\">Beneficios:<br \/>\nFavorece el bienestar infantil con magnesio de alta absorci\u00f3n en deliciosas gomitas, que promueven la armon\u00eda y la tranquilidad. Ideal para ni\u00f1os a partir de 2 a\u00f1osM\u00e9todo de uso:<br \/>\nLos ni\u00f1os de 2 y 3 a\u00f1os deben tomar una (1) gomita vegana por d\u00eda, preferentemente con una comida; los ni\u00f1os de 4 a\u00f1os en adelante deben consumir dos (2) gomitas veganas por d\u00eda, preferentemente con una comida. Use el producto solo seg\u00fan las indicaciones. No exceda la dosis recomendada. Recuerde que hable con el pediatra sobre los suplementos y medicamentos que toma su hijo.Contraindicaciones:<br \/>\nLos ni\u00f1os no deben tomar este producto sin la supervisi\u00f3n de un adulto. Producto no recomendado para ni\u00f1os menores de 2 a\u00f1os debido al peligro de asfixia. Si est\u00e1 embarazada o lactando, toma alg\u00fan medicamento o tiene alguna afecci\u00f3n m\u00e9dica, incluida la enfermedad renal, consulte con un m\u00e9dico antes de usar este producto. Descontin\u00fae su uso de inmediato y consulte con un m\u00e9dico si experimenta alguna reacci\u00f3n adversa. No use el producto si falta el sello debajo de la tapa o este est\u00e1 roto. Mantenga fuera del alcance de los ni\u00f1os. Almacene en un lugar fresco y seco. Evite el calor excesivo.<\/td>\n<\/tr>\n<\/tbody>\n<\/table>\n","protected":false},"featured_media":29253,"comment_status":"open","ping_status":"closed","template":"","meta":{"_joinchat":[]},"product_brand":[94,100],"product_cat":[76,77,101,87,88,103],"product_tag":[],"class_list":{"0":"post-29252","1":"product","2":"type-product","3":"status-publish","4":"has-post-thumbnail","6":"product_brand-marcas","7":"product_brand-6-naturess-truth","8":"product_cat-bienestar-general","9":"product_cat-energia-y-vitalidad","10":"product_cat-promociones","11":"product_cat-relajacion-y-sueno","12":"product_cat-sueno-y-relajacion","13":"product_cat-todos-los-descuentos","15":"first","16":"instock","17":"sale","18":"shipping-taxable","19":"purchasable","20":"product-type-simple"},"_links":{"self":[{"href":"https:\/\/vitatika.com\/index.php?rest_route=\/wp\/v2\/product\/29252","targetHints":{"allow":["GET"]}}],"collection":[{"href":"https:\/\/vitatika.com\/index.php?rest_route=\/wp\/v2\/product"}],"about":[{"href":"https:\/\/vitatika.com\/index.php?rest_route=\/wp\/v2\/types\/product"}],"replies":[{"embeddable":true,"href":"https:\/\/vitatika.com\/index.php?rest_route=%2Fwp%2Fv2%2Fcomments&post=29252"}],"version-history":[{"count":4,"href":"https:\/\/vitatika.com\/index.php?rest_route=\/wp\/v2\/product\/29252\/revisions"}],"predecessor-version":[{"id":29484,"href":"https:\/\/vitatika.com\/index.php?rest_route=\/wp\/v2\/product\/29252\/revisions\/29484"}],"wp:featuredmedia":[{"embeddable":true,"href":"https:\/\/vitatika.com\/index.php?rest_route=\/wp\/v2\/media\/29253"}],"wp:attachment":[{"href":"https:\/\/vitatika.com\/index.php?rest_route=%2Fwp%2Fv2%2Fmedia&parent=29252"}],"wp:term":[{"taxonomy":"product_brand","embeddable":true,"href":"https:\/\/vitatika.com\/index.php?rest_route=%2Fwp%2Fv2%2Fproduct_brand&post=29252"},{"taxonomy":"product_cat","embeddable":true,"href":"https:\/\/vitatika.com\/index.php?rest_route=%2Fwp%2Fv2%2Fproduct_cat&post=29252"},{"taxonomy":"product_tag","embeddable":true,"href":"https:\/\/vitatika.com\/index.php?rest_route=%2Fwp%2Fv2%2Fproduct_tag&post=29252"}],"curies":[{"name":"wp","href":"https:\/\/api.w.org\/{rel}","templated":true}]}}