{"id":29221,"date":"2026-02-03T22:30:08","date_gmt":"2026-02-03T22:30:08","guid":{"rendered":"https:\/\/vitatika.com\/?post_type=product&#038;p=29221"},"modified":"2026-02-05T22:15:08","modified_gmt":"2026-02-05T22:15:08","slug":"selenio-200-mg-100-tabletas-natures-truth","status":"publish","type":"product","link":"https:\/\/vitatika.com\/?product=selenio-200-mg-100-tabletas-natures-truth","title":{"rendered":"Selenio 200 mg-100 Tabletas-Nature&#8217;s Truth"},"content":{"rendered":"","protected":false},"excerpt":{"rendered":"<p>Beneficios:<br \/>\nApoya la protecci\u00f3n antioxidante y ayuda a combatir los radicales libres que da\u00f1an las c\u00e9lulas, proporcionando apoyo mineral esencial para la salud general en una pr\u00e1ctica tableta vegetariana<br \/>\nEl selenio es un oligoelemento y un componente esencial de muchas enzimas y prote\u00ednas que brindan refuerzo al cuerpo. El selenio se puede encontrar en la tierra, el agua y algunos alimentos como las nueces de Brasil, las carnes magras y los frijoles. Puede ser dif\u00edcil obtener este mineral solo a trav\u00e9s de los alimentos, ya que los niveles de selenio dependen del suelo donde se cultivan. Por eso, muchas personas optan por un suplemento de alta calidad para obtener un refuerzo confiable.<\/p>\n<p>M\u00e9todo de uso:<br \/>\nLos adultos deben tomar un (1) comprimido vegano por d\u00eda, preferentemente con una comida.<\/p>\n<p>Contraindicaciones:<br \/>\nProducto no apto para mujeres que est\u00e9n embarazadas o lactando, ni para menores de 18 a\u00f1os. Si toma alg\u00fan medicamento o tiene alguna afecci\u00f3n m\u00e9dica, consulte con un m\u00e9dico antes de usar este producto. No use este producto si tiene alergia a la levadura. Descontin\u00fae su uso de inmediato y consulte con un m\u00e9dico si experimenta alguna reacci\u00f3n adversa. No use el producto si falta el sello debajo de la tapa o este est\u00e1 roto. Mantenga fuera del alcance de los ni\u00f1os. Almacene en un lugar fresco y seco.<\/p>\n","protected":false},"featured_media":29230,"comment_status":"open","ping_status":"closed","template":"","meta":{"_joinchat":[]},"product_brand":[94,100],"product_cat":[86,76,79,84],"product_tag":[],"class_list":{"0":"post-29221","1":"product","2":"type-product","3":"status-publish","4":"has-post-thumbnail","6":"product_brand-marcas","7":"product_brand-6-naturess-truth","8":"product_cat-antioxidantes","9":"product_cat-bienestar-general","10":"product_cat-inmunidad-proteccion","11":"product_cat-suplementos-para-la-belleza","13":"first","14":"instock","15":"shipping-taxable","16":"purchasable","17":"product-type-simple"},"_links":{"self":[{"href":"https:\/\/vitatika.com\/index.php?rest_route=\/wp\/v2\/product\/29221","targetHints":{"allow":["GET"]}}],"collection":[{"href":"https:\/\/vitatika.com\/index.php?rest_route=\/wp\/v2\/product"}],"about":[{"href":"https:\/\/vitatika.com\/index.php?rest_route=\/wp\/v2\/types\/product"}],"replies":[{"embeddable":true,"href":"https:\/\/vitatika.com\/index.php?rest_route=%2Fwp%2Fv2%2Fcomments&post=29221"}],"version-history":[{"count":1,"href":"https:\/\/vitatika.com\/index.php?rest_route=\/wp\/v2\/product\/29221\/revisions"}],"predecessor-version":[{"id":29233,"href":"https:\/\/vitatika.com\/index.php?rest_route=\/wp\/v2\/product\/29221\/revisions\/29233"}],"wp:featuredmedia":[{"embeddable":true,"href":"https:\/\/vitatika.com\/index.php?rest_route=\/wp\/v2\/media\/29230"}],"wp:attachment":[{"href":"https:\/\/vitatika.com\/index.php?rest_route=%2Fwp%2Fv2%2Fmedia&parent=29221"}],"wp:term":[{"taxonomy":"product_brand","embeddable":true,"href":"https:\/\/vitatika.com\/index.php?rest_route=%2Fwp%2Fv2%2Fproduct_brand&post=29221"},{"taxonomy":"product_cat","embeddable":true,"href":"https:\/\/vitatika.com\/index.php?rest_route=%2Fwp%2Fv2%2Fproduct_cat&post=29221"},{"taxonomy":"product_tag","embeddable":true,"href":"https:\/\/vitatika.com\/index.php?rest_route=%2Fwp%2Fv2%2Fproduct_tag&post=29221"}],"curies":[{"name":"wp","href":"https:\/\/api.w.org\/{rel}","templated":true}]}}