{"id":29048,"date":"2026-01-30T20:09:38","date_gmt":"2026-01-30T20:09:38","guid":{"rendered":"https:\/\/vitatika.com\/?post_type=product&#038;p=29048"},"modified":"2026-05-07T04:20:40","modified_gmt":"2026-05-07T04:20:40","slug":"gomitas-de-melatonina-para-ninos-120-gomitas-nutricost","status":"publish","type":"product","link":"https:\/\/vitatika.com\/?product=gomitas-de-melatonina-para-ninos-120-gomitas-nutricost","title":{"rendered":"Gomitas de Melatonina para ni\u00f1os 120 gomitas-Nutricost"},"content":{"rendered":"","protected":false},"excerpt":{"rendered":"<table width=\"604\">\n<tbody>\n<tr>\n<td width=\"604\"><strong>Beneficios:<\/strong><br \/>\nFavorece un ciclo de sue\u00f1o saludable con sabores naturales, ofreciendo una forma c\u00f3moda y agradable de promover un sue\u00f1o reparador para ni\u00f1os.<br \/>\n<strong>M\u00e9todo de uso:<\/strong><br \/>\nComo suplemento alimentario, tome 1 gomita por d\u00eda a la hora de acostarse o cerca de esta, o seg\u00fan las indicaciones de un profesional de la salud.<br \/>\n<strong>Contraindicaciones:<\/strong><br \/>\nSolo tome este producto a la hora de acostarse o cerca de esta.<\/td>\n<\/tr>\n<\/tbody>\n<\/table>\n","protected":false},"featured_media":29192,"comment_status":"open","ping_status":"closed","template":"","meta":{"_joinchat":[]},"product_brand":[94,98],"product_cat":[101,87,88,103],"product_tag":[],"class_list":{"0":"post-29048","1":"product","2":"type-product","3":"status-publish","4":"has-post-thumbnail","6":"product_brand-marcas","7":"product_brand-nutricost","8":"product_cat-promociones","9":"product_cat-relajacion-y-sueno","10":"product_cat-sueno-y-relajacion","11":"product_cat-todos-los-descuentos","13":"first","14":"instock","15":"sale","16":"shipping-taxable","17":"purchasable","18":"product-type-simple"},"_links":{"self":[{"href":"https:\/\/vitatika.com\/index.php?rest_route=\/wp\/v2\/product\/29048","targetHints":{"allow":["GET"]}}],"collection":[{"href":"https:\/\/vitatika.com\/index.php?rest_route=\/wp\/v2\/product"}],"about":[{"href":"https:\/\/vitatika.com\/index.php?rest_route=\/wp\/v2\/types\/product"}],"replies":[{"embeddable":true,"href":"https:\/\/vitatika.com\/index.php?rest_route=%2Fwp%2Fv2%2Fcomments&post=29048"}],"version-history":[{"count":1,"href":"https:\/\/vitatika.com\/index.php?rest_route=\/wp\/v2\/product\/29048\/revisions"}],"predecessor-version":[{"id":29049,"href":"https:\/\/vitatika.com\/index.php?rest_route=\/wp\/v2\/product\/29048\/revisions\/29049"}],"wp:featuredmedia":[{"embeddable":true,"href":"https:\/\/vitatika.com\/index.php?rest_route=\/wp\/v2\/media\/29192"}],"wp:attachment":[{"href":"https:\/\/vitatika.com\/index.php?rest_route=%2Fwp%2Fv2%2Fmedia&parent=29048"}],"wp:term":[{"taxonomy":"product_brand","embeddable":true,"href":"https:\/\/vitatika.com\/index.php?rest_route=%2Fwp%2Fv2%2Fproduct_brand&post=29048"},{"taxonomy":"product_cat","embeddable":true,"href":"https:\/\/vitatika.com\/index.php?rest_route=%2Fwp%2Fv2%2Fproduct_cat&post=29048"},{"taxonomy":"product_tag","embeddable":true,"href":"https:\/\/vitatika.com\/index.php?rest_route=%2Fwp%2Fv2%2Fproduct_tag&post=29048"}],"curies":[{"name":"wp","href":"https:\/\/api.w.org\/{rel}","templated":true}]}}