{"id":29046,"date":"2026-01-30T20:08:47","date_gmt":"2026-01-30T20:08:47","guid":{"rendered":"https:\/\/vitatika.com\/?post_type=product&#038;p=29046"},"modified":"2026-02-05T22:20:58","modified_gmt":"2026-02-05T22:20:58","slug":"cafeina-con-l-teanina-240-caps-nutricost","status":"publish","type":"product","link":"https:\/\/vitatika.com\/?product=cafeina-con-l-teanina-240-caps-nutricost","title":{"rendered":"Cafeina con L Teanina  240 caps-Nutricost"},"content":{"rendered":"","protected":false},"excerpt":{"rendered":"<table width=\"604\">\n<tbody>\n<tr>\n<td width=\"604\"><strong>Beneficios:<\/strong><br \/>\nFavorece el estado de alerta y la concentraci\u00f3n con una combinaci\u00f3n equilibrada de cafe\u00edna y L-teanina, ideal para mejorar la claridad mental y reducir el nerviosismo.<br \/>\nM\u00e9todo de uso:<br \/>\nComo suplemento alimentario, tome 1 c\u00e1psula por d\u00eda con 8-12 oz de agua o seg\u00fan las indicaciones de un profesional de la salud.<br \/>\n<strong>Contraindicaciones:<\/strong><br \/>\nLa dosis recomendada de este producto contiene tanta cafe\u00edna como aproximadamente 1 taza de caf\u00e9. No consuma m\u00e1s de 400 mg de cafe\u00edna de cualquier fuente en un per\u00edodo de 24 horas. Demasiada cafe\u00edna puede causar nerviosismo, irritabilidad, insomnio y frecuencia card\u00edaca r\u00e1pida ocasional. En caso de sobredosis accidental, busque ayuda profesional o comun\u00edquese con un centro de toxicolog\u00eda de inmediato.Para personas sanas de 18 a\u00f1os en adelante. Consulte con un profesional de la salud antes de usar este producto si est\u00e1 embarazada o lactando, toma medicamentos o tiene una afecci\u00f3n m\u00e9dica. Mantenga fuera del alcance de los ni\u00f1os. No use el producto si falta el sello de seguridad o este est\u00e1 roto.<\/td>\n<\/tr>\n<\/tbody>\n<\/table>\n","protected":false},"featured_media":29021,"comment_status":"open","ping_status":"closed","template":"","meta":{"_joinchat":[]},"product_brand":[94,98],"product_cat":[76,77],"product_tag":[],"class_list":{"0":"post-29046","1":"product","2":"type-product","3":"status-publish","4":"has-post-thumbnail","6":"product_brand-marcas","7":"product_brand-nutricost","8":"product_cat-bienestar-general","9":"product_cat-energia-y-vitalidad","11":"first","12":"instock","13":"shipping-taxable","14":"purchasable","15":"product-type-simple"},"_links":{"self":[{"href":"https:\/\/vitatika.com\/index.php?rest_route=\/wp\/v2\/product\/29046","targetHints":{"allow":["GET"]}}],"collection":[{"href":"https:\/\/vitatika.com\/index.php?rest_route=\/wp\/v2\/product"}],"about":[{"href":"https:\/\/vitatika.com\/index.php?rest_route=\/wp\/v2\/types\/product"}],"replies":[{"embeddable":true,"href":"https:\/\/vitatika.com\/index.php?rest_route=%2Fwp%2Fv2%2Fcomments&post=29046"}],"version-history":[{"count":2,"href":"https:\/\/vitatika.com\/index.php?rest_route=\/wp\/v2\/product\/29046\/revisions"}],"predecessor-version":[{"id":29185,"href":"https:\/\/vitatika.com\/index.php?rest_route=\/wp\/v2\/product\/29046\/revisions\/29185"}],"wp:featuredmedia":[{"embeddable":true,"href":"https:\/\/vitatika.com\/index.php?rest_route=\/wp\/v2\/media\/29021"}],"wp:attachment":[{"href":"https:\/\/vitatika.com\/index.php?rest_route=%2Fwp%2Fv2%2Fmedia&parent=29046"}],"wp:term":[{"taxonomy":"product_brand","embeddable":true,"href":"https:\/\/vitatika.com\/index.php?rest_route=%2Fwp%2Fv2%2Fproduct_brand&post=29046"},{"taxonomy":"product_cat","embeddable":true,"href":"https:\/\/vitatika.com\/index.php?rest_route=%2Fwp%2Fv2%2Fproduct_cat&post=29046"},{"taxonomy":"product_tag","embeddable":true,"href":"https:\/\/vitatika.com\/index.php?rest_route=%2Fwp%2Fv2%2Fproduct_tag&post=29046"}],"curies":[{"name":"wp","href":"https:\/\/api.w.org\/{rel}","templated":true}]}}