{"id":29044,"date":"2026-01-30T20:07:18","date_gmt":"2026-01-30T20:07:18","guid":{"rendered":"https:\/\/vitatika.com\/?post_type=product&#038;p=29044"},"modified":"2026-02-05T22:21:53","modified_gmt":"2026-02-05T22:21:53","slug":"moringa-60-caps-herbal-health","status":"publish","type":"product","link":"https:\/\/vitatika.com\/?product=moringa-60-caps-herbal-health","title":{"rendered":"Moringa 60 caps-Herbal &#038; Health"},"content":{"rendered":"","protected":false},"excerpt":{"rendered":"<table width=\"604\">\n<tbody>\n<tr>\n<td width=\"604\"><strong>Beneficios:<\/strong><br \/>\nGracias a su densidad nutricional, apoya la producci\u00f3n de energ\u00eda celular y combate la fatiga f\u00edsica y mental de forma sostenida.<br \/>\nSu alto contenido en vitamina C, betacarotenos, hierro y compuestos fen\u00f3licos fortalece las defensas naturales del cuerpo reforzando el sistema inmune.<br \/>\nAporta una rica combinaci\u00f3n de vitaminas (A, C, E), minerales (calcio, potasio, hierro) y todos los amino\u00e1cidos esenciales necesarios para el bienestar diario.<br \/>\nPotente antioxidante rica en polifenoles y flavonoides, protege las c\u00e9lulas del da\u00f1o oxidativo y el envejecimiento prematuro<br \/>\n<strong>M\u00e9todo de uso:<\/strong><br \/>\nLa dosis recomendada es de 2 a 4 c\u00e1psulas al d\u00eda o como lo diga su m\u00e9dico especialista.<br \/>\nNo exceder la dosis recomendada.<br \/>\n<strong>Contraindicaciones:<\/strong><br \/>\nSi tiene alg\u00fan tipo de condici\u00f3n m\u00e9dica, enfermedad, patolog\u00eda o si est\u00e1 en alg\u00fan tratamiento por favor consulte con su m\u00e9dico especialista.<br \/>\nSi est\u00e1 embarazada o en periodo de lactancia recomendamos no consumir nuestros productos.<br \/>\nSi es el caso de un menor de edad consultar con su pediatra antes de adquirir nuestros productos.<\/td>\n<\/tr>\n<\/tbody>\n<\/table>\n","protected":false},"featured_media":29189,"comment_status":"open","ping_status":"closed","template":"","meta":{"_joinchat":[]},"product_brand":[99,94],"product_cat":[76,77,79,78],"product_tag":[],"class_list":{"0":"post-29044","1":"product","2":"type-product","3":"status-publish","4":"has-post-thumbnail","6":"product_brand-herbal-health","7":"product_brand-marcas","8":"product_cat-bienestar-general","9":"product_cat-energia-y-vitalidad","10":"product_cat-inmunidad-proteccion","11":"product_cat-multivitaminicos","13":"first","14":"instock","15":"shipping-taxable","16":"purchasable","17":"product-type-simple"},"_links":{"self":[{"href":"https:\/\/vitatika.com\/index.php?rest_route=\/wp\/v2\/product\/29044","targetHints":{"allow":["GET"]}}],"collection":[{"href":"https:\/\/vitatika.com\/index.php?rest_route=\/wp\/v2\/product"}],"about":[{"href":"https:\/\/vitatika.com\/index.php?rest_route=\/wp\/v2\/types\/product"}],"replies":[{"embeddable":true,"href":"https:\/\/vitatika.com\/index.php?rest_route=%2Fwp%2Fv2%2Fcomments&post=29044"}],"version-history":[{"count":1,"href":"https:\/\/vitatika.com\/index.php?rest_route=\/wp\/v2\/product\/29044\/revisions"}],"predecessor-version":[{"id":29045,"href":"https:\/\/vitatika.com\/index.php?rest_route=\/wp\/v2\/product\/29044\/revisions\/29045"}],"wp:featuredmedia":[{"embeddable":true,"href":"https:\/\/vitatika.com\/index.php?rest_route=\/wp\/v2\/media\/29189"}],"wp:attachment":[{"href":"https:\/\/vitatika.com\/index.php?rest_route=%2Fwp%2Fv2%2Fmedia&parent=29044"}],"wp:term":[{"taxonomy":"product_brand","embeddable":true,"href":"https:\/\/vitatika.com\/index.php?rest_route=%2Fwp%2Fv2%2Fproduct_brand&post=29044"},{"taxonomy":"product_cat","embeddable":true,"href":"https:\/\/vitatika.com\/index.php?rest_route=%2Fwp%2Fv2%2Fproduct_cat&post=29044"},{"taxonomy":"product_tag","embeddable":true,"href":"https:\/\/vitatika.com\/index.php?rest_route=%2Fwp%2Fv2%2Fproduct_tag&post=29044"}],"curies":[{"name":"wp","href":"https:\/\/api.w.org\/{rel}","templated":true}]}}