{"id":29042,"date":"2026-01-30T20:06:14","date_gmt":"2026-01-30T20:06:14","guid":{"rendered":"https:\/\/vitatika.com\/?post_type=product&#038;p=29042"},"modified":"2026-02-05T22:23:16","modified_gmt":"2026-02-05T22:23:16","slug":"black-maca-60-caps-herbal-health","status":"publish","type":"product","link":"https:\/\/vitatika.com\/?product=black-maca-60-caps-herbal-health","title":{"rendered":"Black Maca 60 caps-Herbal &#038; Health"},"content":{"rendered":"","protected":false},"excerpt":{"rendered":"<table width=\"604\">\n<tbody>\n<tr>\n<td width=\"604\"><strong>Beneficios:<\/strong><br \/>\nAporta energ\u00eda estable durante el d\u00eda, mejora el enfoque y promueve una sensaci\u00f3n de mayor productividad sin causar sobreestimulaci\u00f3n.<br \/>\nFavorece la vitalidad general y mejora la capacidad del cuerpo para enfrentar entrenamientos y actividades exigentes gracias a su acci\u00f3n adapt\u00f3gena.<br \/>\nProporciona amino\u00e1cidos esenciales, vitaminas, minerales y fitonutrientes que apoyan funciones clave del organismo y fortalecen el bienestar diario.<br \/>\nTradicionalmente utilizada para aumentar la virilidad masculina, equilibrar la energ\u00eda sexual y elevar el deseo en ambos sexos.<strong>M\u00e9todo de uso:<\/strong><br \/>\nLa dosis recomendada es de 2 a 4 c\u00e1psulas al d\u00eda o como lo diga su m\u00e9dico especialista.<br \/>\nNo exceder la dosis recomendada.<strong>Contraindicaciones:<\/strong><br \/>\nSi tiene alg\u00fan tipo de condici\u00f3n m\u00e9dica, enfermedad, patolog\u00eda o si est\u00e1 en alg\u00fan tratamiento por favor consulte con su m\u00e9dico especialista.<br \/>\nSi est\u00e1 embarazada o en periodo de lactancia recomendamos no consumir nuestros productos.<br \/>\nSi es el caso de un menor de edad consultar con su pediatra antes de adquirir nuestros productos.<\/td>\n<\/tr>\n<\/tbody>\n<\/table>\n","protected":false},"featured_media":29019,"comment_status":"open","ping_status":"closed","template":"","meta":{"_joinchat":[]},"product_brand":[99,94],"product_cat":[76,77],"product_tag":[],"class_list":{"0":"post-29042","1":"product","2":"type-product","3":"status-publish","4":"has-post-thumbnail","6":"product_brand-herbal-health","7":"product_brand-marcas","8":"product_cat-bienestar-general","9":"product_cat-energia-y-vitalidad","11":"first","12":"instock","13":"shipping-taxable","14":"purchasable","15":"product-type-simple"},"_links":{"self":[{"href":"https:\/\/vitatika.com\/index.php?rest_route=\/wp\/v2\/product\/29042","targetHints":{"allow":["GET"]}}],"collection":[{"href":"https:\/\/vitatika.com\/index.php?rest_route=\/wp\/v2\/product"}],"about":[{"href":"https:\/\/vitatika.com\/index.php?rest_route=\/wp\/v2\/types\/product"}],"replies":[{"embeddable":true,"href":"https:\/\/vitatika.com\/index.php?rest_route=%2Fwp%2Fv2%2Fcomments&post=29042"}],"version-history":[{"count":3,"href":"https:\/\/vitatika.com\/index.php?rest_route=\/wp\/v2\/product\/29042\/revisions"}],"predecessor-version":[{"id":29267,"href":"https:\/\/vitatika.com\/index.php?rest_route=\/wp\/v2\/product\/29042\/revisions\/29267"}],"wp:featuredmedia":[{"embeddable":true,"href":"https:\/\/vitatika.com\/index.php?rest_route=\/wp\/v2\/media\/29019"}],"wp:attachment":[{"href":"https:\/\/vitatika.com\/index.php?rest_route=%2Fwp%2Fv2%2Fmedia&parent=29042"}],"wp:term":[{"taxonomy":"product_brand","embeddable":true,"href":"https:\/\/vitatika.com\/index.php?rest_route=%2Fwp%2Fv2%2Fproduct_brand&post=29042"},{"taxonomy":"product_cat","embeddable":true,"href":"https:\/\/vitatika.com\/index.php?rest_route=%2Fwp%2Fv2%2Fproduct_cat&post=29042"},{"taxonomy":"product_tag","embeddable":true,"href":"https:\/\/vitatika.com\/index.php?rest_route=%2Fwp%2Fv2%2Fproduct_tag&post=29042"}],"curies":[{"name":"wp","href":"https:\/\/api.w.org\/{rel}","templated":true}]}}