{"id":29040,"date":"2026-01-30T20:05:17","date_gmt":"2026-01-30T20:05:17","guid":{"rendered":"https:\/\/vitatika.com\/?post_type=product&#038;p=29040"},"modified":"2026-02-05T22:26:48","modified_gmt":"2026-02-05T22:26:48","slug":"brahmi-60-caps-herbal-health","status":"publish","type":"product","link":"https:\/\/vitatika.com\/?product=brahmi-60-caps-herbal-health","title":{"rendered":"Brahmi 60 caps-Herbal &#038; Health"},"content":{"rendered":"","protected":false},"excerpt":{"rendered":"<table width=\"604\">\n<tbody>\n<tr>\n<td width=\"604\"><strong>Beneficios:<\/strong><br \/>\nFavorece la retenci\u00f3n de informaci\u00f3n, la agilidad mental y el enfoque sostenido.<br \/>\nReduce el estr\u00e9s y la ansiedad. Su efecto adapt\u00f3geno ayuda a regular el sistema nervioso, promoviendo un estado de calma ante situaciones demandantes.<br \/>\nFacilita una mente despejada, ideal para momentos de toma de decisiones o jornadas intensas.<br \/>\nPotencia el rendimiento cognitivo y f\u00edsico sin generar sobreestimulaci\u00f3n.<strong>M\u00e9todo de uso:<\/strong><br \/>\nLa dosis recomendada es de 2 a 4 c\u00e1psulas al d\u00eda o como lo diga su m\u00e9dico especialista.<br \/>\nNo exceder la dosis recomendada.<strong>Contraindicaciones:<\/strong><br \/>\nSi tiene alg\u00fan tipo de condici\u00f3n m\u00e9dica, enfermedad, patolog\u00eda o si est\u00e1 en alg\u00fan tratamiento por favor consulte con su m\u00e9dico especialista.<br \/>\nSi est\u00e1 embarazada o en periodo de lactancia recomendamos no consumir nuestros productos.<br \/>\nSi es el caso de un menor de edad consultar con su pediatra antes de adquirir nuestros productos.<\/td>\n<\/tr>\n<\/tbody>\n<\/table>\n","protected":false},"featured_media":29018,"comment_status":"open","ping_status":"closed","template":"","meta":{"_joinchat":[]},"product_brand":[99,94],"product_cat":[76,81],"product_tag":[],"class_list":{"0":"post-29040","1":"product","2":"type-product","3":"status-publish","4":"has-post-thumbnail","6":"product_brand-herbal-health","7":"product_brand-marcas","8":"product_cat-bienestar-general","9":"product_cat-salud-mental-y-cognitiva","11":"first","12":"instock","13":"shipping-taxable","14":"purchasable","15":"product-type-simple"},"_links":{"self":[{"href":"https:\/\/vitatika.com\/index.php?rest_route=\/wp\/v2\/product\/29040","targetHints":{"allow":["GET"]}}],"collection":[{"href":"https:\/\/vitatika.com\/index.php?rest_route=\/wp\/v2\/product"}],"about":[{"href":"https:\/\/vitatika.com\/index.php?rest_route=\/wp\/v2\/types\/product"}],"replies":[{"embeddable":true,"href":"https:\/\/vitatika.com\/index.php?rest_route=%2Fwp%2Fv2%2Fcomments&post=29040"}],"version-history":[{"count":3,"href":"https:\/\/vitatika.com\/index.php?rest_route=\/wp\/v2\/product\/29040\/revisions"}],"predecessor-version":[{"id":29268,"href":"https:\/\/vitatika.com\/index.php?rest_route=\/wp\/v2\/product\/29040\/revisions\/29268"}],"wp:featuredmedia":[{"embeddable":true,"href":"https:\/\/vitatika.com\/index.php?rest_route=\/wp\/v2\/media\/29018"}],"wp:attachment":[{"href":"https:\/\/vitatika.com\/index.php?rest_route=%2Fwp%2Fv2%2Fmedia&parent=29040"}],"wp:term":[{"taxonomy":"product_brand","embeddable":true,"href":"https:\/\/vitatika.com\/index.php?rest_route=%2Fwp%2Fv2%2Fproduct_brand&post=29040"},{"taxonomy":"product_cat","embeddable":true,"href":"https:\/\/vitatika.com\/index.php?rest_route=%2Fwp%2Fv2%2Fproduct_cat&post=29040"},{"taxonomy":"product_tag","embeddable":true,"href":"https:\/\/vitatika.com\/index.php?rest_route=%2Fwp%2Fv2%2Fproduct_tag&post=29040"}],"curies":[{"name":"wp","href":"https:\/\/api.w.org\/{rel}","templated":true}]}}