{"id":29036,"date":"2026-01-30T20:01:38","date_gmt":"2026-01-30T20:01:38","guid":{"rendered":"https:\/\/vitatika.com\/?post_type=product&#038;p=29036"},"modified":"2026-02-05T22:28:10","modified_gmt":"2026-02-05T22:28:10","slug":"29036","status":"publish","type":"product","link":"https:\/\/vitatika.com\/?product=29036","title":{"rendered":"Ashwagandha 60 Caps-Herbal &#038; Health"},"content":{"rendered":"","protected":false},"excerpt":{"rendered":"<table width=\"604\">\n<tbody>\n<tr>\n<td width=\"604\"><strong>Beneficios:<\/strong><br \/>\nRegula los niveles de cortisol, ayudando a calmar la mente y reducir la tensi\u00f3n f\u00edsica y mental rediciendo el estr\u00e9s y la ansiedad.<br \/>\nFavorece un descanso profundo y natural, ideal para quienes tienen insomnio leve o duermen poco.<br \/>\nAyuda al cuerpo a autorregularse y mantener el equilibrio interno frente a cambios f\u00edsicos y emocionales.<br \/>\nPotencia la vitalidad y el rendimiento diario sin generar sobrecarga o nerviosismo<strong>M\u00e9todo de uso:<\/strong><br \/>\nLa dosis recomendada es de 1 a 2 c\u00e1psulas al d\u00eda o como lo diga su m\u00e9dico especialista.<br \/>\nNo exceder la dosis recomendada.<strong>Contraindicaciones:<\/strong><br \/>\nSi tiene alg\u00fan tipo de condici\u00f3n m\u00e9dica, enfermedad, patolog\u00eda o si est\u00e1 en alg\u00fan tratamiento por favor consulte con su m\u00e9dico especialista.<br \/>\nSi est\u00e1 embarazada o en periodo de lactancia recomendamos no consumir nuestros productos.<br \/>\nSi es el caso de un menor de edad consultar con su pediatra antes de adquirir nuestros productos.<\/td>\n<\/tr>\n<\/tbody>\n<\/table>\n","protected":false},"featured_media":29190,"comment_status":"open","ping_status":"closed","template":"","meta":{"_joinchat":[]},"product_brand":[99,94],"product_cat":[89,87,88],"product_tag":[],"class_list":{"0":"post-29036","1":"product","2":"type-product","3":"status-publish","4":"has-post-thumbnail","6":"product_brand-herbal-health","7":"product_brand-marcas","8":"product_cat-2-antiestres","9":"product_cat-relajacion-y-sueno","10":"product_cat-sueno-y-relajacion","12":"first","13":"instock","14":"shipping-taxable","15":"purchasable","16":"product-type-simple"},"_links":{"self":[{"href":"https:\/\/vitatika.com\/index.php?rest_route=\/wp\/v2\/product\/29036","targetHints":{"allow":["GET"]}}],"collection":[{"href":"https:\/\/vitatika.com\/index.php?rest_route=\/wp\/v2\/product"}],"about":[{"href":"https:\/\/vitatika.com\/index.php?rest_route=\/wp\/v2\/types\/product"}],"replies":[{"embeddable":true,"href":"https:\/\/vitatika.com\/index.php?rest_route=%2Fwp%2Fv2%2Fcomments&post=29036"}],"version-history":[{"count":5,"href":"https:\/\/vitatika.com\/index.php?rest_route=\/wp\/v2\/product\/29036\/revisions"}],"predecessor-version":[{"id":29191,"href":"https:\/\/vitatika.com\/index.php?rest_route=\/wp\/v2\/product\/29036\/revisions\/29191"}],"wp:featuredmedia":[{"embeddable":true,"href":"https:\/\/vitatika.com\/index.php?rest_route=\/wp\/v2\/media\/29190"}],"wp:attachment":[{"href":"https:\/\/vitatika.com\/index.php?rest_route=%2Fwp%2Fv2%2Fmedia&parent=29036"}],"wp:term":[{"taxonomy":"product_brand","embeddable":true,"href":"https:\/\/vitatika.com\/index.php?rest_route=%2Fwp%2Fv2%2Fproduct_brand&post=29036"},{"taxonomy":"product_cat","embeddable":true,"href":"https:\/\/vitatika.com\/index.php?rest_route=%2Fwp%2Fv2%2Fproduct_cat&post=29036"},{"taxonomy":"product_tag","embeddable":true,"href":"https:\/\/vitatika.com\/index.php?rest_route=%2Fwp%2Fv2%2Fproduct_tag&post=29036"}],"curies":[{"name":"wp","href":"https:\/\/api.w.org\/{rel}","templated":true}]}}