{"id":4400,"date":"2021-10-12T15:51:09","date_gmt":"2021-10-12T15:51:09","guid":{"rendered":"http:\/\/dummy.xtemos.com\/woodmart2\/elementor\/?page_id=4400"},"modified":"2026-02-07T17:11:35","modified_gmt":"2026-02-07T17:11:35","slug":"nosotros","status":"publish","type":"page","link":"https:\/\/vitatika.com\/?page_id=4400","title":{"rendered":"Nosotros"},"content":{"rendered":"\t\t<div data-elementor-type=\"wp-page\" data-elementor-id=\"4400\" class=\"elementor elementor-4400\" data-elementor-post-type=\"page\">\n\t\t\t\t<div class=\"wd-negative-gap elementor-element elementor-element-2518741 e-flex e-con-boxed e-con e-parent\" data-id=\"2518741\" data-element_type=\"container\">\n\t\t\t\t\t<div class=\"e-con-inner\">\n\t\t<div class=\"elementor-element elementor-element-92a0bb5 e-con-full e-flex e-con e-child\" data-id=\"92a0bb5\" data-element_type=\"container\">\n\t\t<div class=\"elementor-element elementor-element-0a9ca39 e-con-full e-flex e-con e-child\" data-id=\"0a9ca39\" data-element_type=\"container\">\n\t\t\t\t<div class=\"elementor-element elementor-element-59eaad0 wd-width-100 elementor-widget elementor-widget-wd_title\" data-id=\"59eaad0\" data-element_type=\"widget\" data-widget_type=\"wd_title.default\">\n\t\t\t\t<div class=\"elementor-widget-container\">\n\t\t\t\t\t\t\t<div class=\"title-wrapper wd-set-mb reset-last-child wd-title-color-default wd-title-style-default wd-title-size-default text-left\">\n\n\t\t\t\n\t\t\t<div class=\"liner-continer\">\n\t\t\t\t<h4 class=\"woodmart-title-container title wd-fontsize-l\">Potencia tu salud de forma natural<\/h4> \n\t\t\t\t\t\t\t<\/div>\n\n\t\t\t\t\t\t\t<div class=\"title-after_title reset-last-child wd-fontsize-xs\">\n\t\t\t\t\t<p>Somos Vitatika\u00a0<\/p>\t\t\t\t<\/div>\n\t\t\t\t\t<\/div>\n\t\t\t\t\t\t<\/div>\n\t\t\t\t<\/div>\n\t\t\t\t<div class=\"elementor-element elementor-element-23674d6 elementor-widget elementor-widget-wd_button\" data-id=\"23674d6\" data-element_type=\"widget\" data-widget_type=\"wd_button.default\">\n\t\t\t\t<div class=\"elementor-widget-container\">\n\t\t\t\t\t\t\t<div class=\"wd-button-wrapper text-left\" >\n\t\t\t<a class=\"btn btn-style-default btn-shape-rectangle btn-size-default btn-icon-pos-right\"  href=\"https:\/\/vitatika.com\/?post_type=product\" style=\"--btn-color:#fff;\">\n\t\t\t\t<span class=\"wd-btn-text\" data-elementor-setting-key=\"text\">\n\t\t\t\t\tIR A TIENDA\t\t\t\t<\/span>\n\n\t\t\t\t\t\t\t<\/a>\n\t\t<\/div>\n\t\t\t\t\t\t<\/div>\n\t\t\t\t<\/div>\n\t\t\t\t<\/div>\n\t\t<div class=\"elementor-element elementor-element-7975463 e-con-full e-flex e-con e-child\" data-id=\"7975463\" data-element_type=\"container\">\n\t\t\t\t<div class=\"elementor-element elementor-element-6407d04 elementor-widget elementor-widget-image\" data-id=\"6407d04\" data-element_type=\"widget\" data-widget_type=\"image.default\">\n\t\t\t\t\t\t\t\t\t\t\t\t\t\t\t<img loading=\"lazy\" decoding=\"async\" width=\"800\" height=\"800\" src=\"https:\/\/vitatika.com\/wp-content\/uploads\/2026\/01\/15-800x800.png\" class=\"attachment-large size-large wp-image-29130\" alt=\"\" srcset=\"https:\/\/vitatika.com\/wp-content\/uploads\/2026\/01\/15-800x800.png 800w, https:\/\/vitatika.com\/wp-content\/uploads\/2026\/01\/15-430x430.png 430w, https:\/\/vitatika.com\/wp-content\/uploads\/2026\/01\/15-150x150.png 150w, https:\/\/vitatika.com\/wp-content\/uploads\/2026\/01\/15-700x700.png 700w, https:\/\/vitatika.com\/wp-content\/uploads\/2026\/01\/15-300x300.png 300w, https:\/\/vitatika.com\/wp-content\/uploads\/2026\/01\/15-768x768.png 768w, https:\/\/vitatika.com\/wp-content\/uploads\/2026\/01\/15.png 1000w\" sizes=\"auto, (max-width: 800px) 100vw, 800px\" \/>\t\t\t\t\t\t\t\t\t\t\t\t\t\t\t<\/div>\n\t\t\t\t<\/div>\n\t\t\t\t<\/div>\n\t\t\t\t\t<\/div>\n\t\t\t\t<\/div>\n\t\t<div class=\"wd-negative-gap elementor-element elementor-element-8f22162 e-flex e-con-boxed e-con e-parent\" data-id=\"8f22162\" data-element_type=\"container\">\n\t\t\t\t\t<div class=\"e-con-inner\">\n\t\t<div class=\"elementor-element elementor-element-8289345 e-con-full e-flex e-con e-child\" data-id=\"8289345\" data-element_type=\"container\">\n\t\t\t\t<div class=\"elementor-element elementor-element-4ceb923 elementor-widget elementor-widget-image\" data-id=\"4ceb923\" data-element_type=\"widget\" data-widget_type=\"image.default\">\n\t\t\t\t\t\t\t\t\t\t\t\t\t\t\t<img loading=\"lazy\" decoding=\"async\" width=\"800\" height=\"800\" src=\"https:\/\/vitatika.com\/wp-content\/uploads\/2026\/01\/13-800x800.png\" class=\"attachment-large size-large wp-image-29128\" alt=\"\" srcset=\"https:\/\/vitatika.com\/wp-content\/uploads\/2026\/01\/13-800x800.png 800w, https:\/\/vitatika.com\/wp-content\/uploads\/2026\/01\/13-430x430.png 430w, https:\/\/vitatika.com\/wp-content\/uploads\/2026\/01\/13-150x150.png 150w, https:\/\/vitatika.com\/wp-content\/uploads\/2026\/01\/13-700x700.png 700w, https:\/\/vitatika.com\/wp-content\/uploads\/2026\/01\/13-300x300.png 300w, https:\/\/vitatika.com\/wp-content\/uploads\/2026\/01\/13-768x768.png 768w, https:\/\/vitatika.com\/wp-content\/uploads\/2026\/01\/13.png 1000w\" sizes=\"auto, (max-width: 800px) 100vw, 800px\" \/>\t\t\t\t\t\t\t\t\t\t\t\t\t\t\t<\/div>\n\t\t\t\t<\/div>\n\t\t<div class=\"elementor-element elementor-element-c5f9a79 e-con-full e-flex e-con e-child\" data-id=\"c5f9a79\" data-element_type=\"container\">\n\t\t\t\t<div class=\"elementor-element elementor-element-b020c76 wd-width-100 elementor-widget elementor-widget-wd_title\" data-id=\"b020c76\" data-element_type=\"widget\" data-widget_type=\"wd_title.default\">\n\t\t\t\t<div class=\"elementor-widget-container\">\n\t\t\t\t\t\t\t<div class=\"title-wrapper wd-set-mb reset-last-child wd-title-color-default wd-title-style-default wd-title-size-default text-left\">\n\n\t\t\t\n\t\t\t<div class=\"liner-continer\">\n\t\t\t\t<h4 class=\"woodmart-title-container title wd-fontsize-l\">Sobre nosotros<\/h4> \n\t\t\t\t\t\t\t<\/div>\n\n\t\t\t\t\t\t\t<div class=\"title-after_title reset-last-child wd-fontsize-xs\">\n\t\t\t\t\t<p>En Vitatika somos una tienda especializada en suplementos nutricionales, vitaminas y productos naturales dise\u00f1ados para apoyar tu bienestar f\u00edsico, mental y vitalidad cotidiana. Ofrecemos productos de alta calidad, seleccionados pensando en las necesidades actuales de quienes buscan mejorar su salud de forma natural y consciente. Desde suplementos de hierbas como Ashwagandha y Moringa hasta f\u00f3rmulas para energ\u00eda, enfoque o descanso, cada producto est\u00e1 ah\u00ed para acompa\u00f1arte en tu camino hacia una vida m\u00e1s saludable y equilibrada.<\/p>\t\t\t\t<\/div>\n\t\t\t\t\t<\/div>\n\t\t\t\t\t\t<\/div>\n\t\t\t\t<\/div>\n\t\t\t\t<div class=\"elementor-element elementor-element-f2a36fd elementor-widget elementor-widget-wd_social_buttons\" data-id=\"f2a36fd\" data-element_type=\"widget\" data-widget_type=\"wd_social_buttons.default\">\n\t\t\t\t<div class=\"elementor-widget-container\">\n\t\t\t\t\t\t\t\t<div\n\t\t\t\t\t\tclass=\" wd-social-icons wd-style-primary wd-size-default social-follow wd-shape-circle color-scheme-dark text-left\">\n\t\t\t\t\n\t\t\t\t\t\t\t\t\t<span class=\"wd-label\">S\u00edguenos: <\/span>\n\t\t\t\t\n\t\t\t\t\t\t\t\t\t<a rel=\"noopener noreferrer nofollow\" href=\"https:\/\/www.facebook.com\/share\/188Kmcz9Jj\/\" target=\"_blank\" class=\" wd-social-icon social-facebook\" aria-label=\"Facebook social link\">\n\t\t\t\t\t\t<span class=\"wd-icon\"><\/span>\n\t\t\t\t\t\t\t\t\t\t\t<\/a>\n\t\t\t\t\n\t\t\t\t\n\t\t\t\t\n\t\t\t\t\n\t\t\t\t\t\t\t\t\t<a rel=\"noopener noreferrer nofollow\" href=\"https:\/\/www.instagram.com\/vitatika.peru?igsh=MWlhYXhvdWcxdTl6Mw==\" target=\"_blank\" class=\" wd-social-icon social-instagram\" aria-label=\"Instagram v\u00ednculo social\">\n\t\t\t\t\t\t<span class=\"wd-icon\"><\/span>\n\t\t\t\t\t\t\t\t\t\t\t<\/a>\n\t\t\t\t\n\t\t\t\t\n\t\t\t\t\n\t\t\t\t\n\t\t\t\t\n\t\t\t\t\n\t\t\t\t\n\t\t\t\t\n\t\t\t\t\n\t\t\t\t\n\t\t\t\t\n\t\t\t\t\n\t\t\t\t\n\t\t\t\t\n\t\t\t\t\n\t\t\t\t\n\t\t\t\t\n\t\t\t\t\n\t\t\t\t\n\t\t\t\t\n\t\t\t\t\n\t\t\t\t\n\t\t\t<\/div>\n\n\t\t\t\t\t\t<\/div>\n\t\t\t\t<\/div>\n\t\t\t\t<\/div>\n\t\t\t\t\t<\/div>\n\t\t\t\t<\/div>\n\t\t<div class=\"wd-negative-gap elementor-element elementor-element-489c7a6 e-flex e-con-boxed e-con e-parent\" data-id=\"489c7a6\" data-element_type=\"container\">\n\t\t\t\t\t<div class=\"e-con-inner\">\n\t\t<div class=\"elementor-element elementor-element-91eaabe e-con-full e-flex e-con e-child\" data-id=\"91eaabe\" data-element_type=\"container\">\n\t\t<div class=\"elementor-element elementor-element-392b97c e-con-full e-flex e-con e-child\" data-id=\"392b97c\" data-element_type=\"container\">\n\t\t\t\t<div class=\"elementor-element elementor-element-7c05c7b wd-width-100 elementor-widget elementor-widget-wd_title\" data-id=\"7c05c7b\" data-element_type=\"widget\" data-widget_type=\"wd_title.default\">\n\t\t\t\t<div class=\"elementor-widget-container\">\n\t\t\t\t\t\t\t<div class=\"title-wrapper wd-set-mb reset-last-child wd-title-color-default wd-title-style-default wd-title-size-default text-left\">\n\n\t\t\t\n\t\t\t<div class=\"liner-continer\">\n\t\t\t\t<h4 class=\"woodmart-title-container title wd-fontsize-l\">Misi\u00f3n<\/h4> \n\t\t\t\t\t\t\t<\/div>\n\n\t\t\t\t\t\t\t<div class=\"title-after_title reset-last-child wd-fontsize-xs\">\n\t\t\t\t\t<p>\"Proporcionar a la comunidad peruana suplementos vitam\u00ednicos y super alimentos de alta calidad, respaldados por la ciencia y la naturaleza, para que las personas puedan alcanzar su m\u00e1ximo potencial de salud y bienestar.\"<\/p>\t\t\t\t<\/div>\n\t\t\t\t\t<\/div>\n\t\t\t\t\t\t<\/div>\n\t\t\t\t<\/div>\n\t\t\t\t<\/div>\n\t\t<div class=\"elementor-element elementor-element-cef54be e-con-full e-flex e-con e-child\" data-id=\"cef54be\" data-element_type=\"container\">\n\t\t\t\t<div class=\"elementor-element elementor-element-702c1f0 wd-width-100 elementor-widget elementor-widget-wd_title\" data-id=\"702c1f0\" data-element_type=\"widget\" data-widget_type=\"wd_title.default\">\n\t\t\t\t<div class=\"elementor-widget-container\">\n\t\t\t\t\t\t\t<div class=\"title-wrapper wd-set-mb reset-last-child wd-title-color-default wd-title-style-default wd-title-size-default text-left\">\n\n\t\t\t\n\t\t\t<div class=\"liner-continer\">\n\t\t\t\t<h4 class=\"woodmart-title-container title wd-fontsize-l\">Visi\u00f3n<\/h4> \n\t\t\t\t\t\t\t<\/div>\n\n\t\t\t\t\t\t\t<div class=\"title-after_title reset-last-child wd-fontsize-xs\">\n\t\t\t\t\t<p>\"Ser la tienda l\u00edder peruana en la venta de suplementos vitam\u00ednicos y super alimentos, reconocida por nuestra excelencia en servicio, calidad de productos y compromiso con la salud integral de nuestros clientes.\"<\/p>\t\t\t\t<\/div>\n\t\t\t\t\t<\/div>\n\t\t\t\t\t\t<\/div>\n\t\t\t\t<\/div>\n\t\t\t\t<\/div>\n\t\t\t\t<\/div>\n\t\t<div class=\"elementor-element elementor-element-7a1ac54 e-con-full e-flex e-con e-child\" data-id=\"7a1ac54\" data-element_type=\"container\">\n\t\t\t\t<div class=\"elementor-element elementor-element-9d21ab6 elementor-widget elementor-widget-image\" data-id=\"9d21ab6\" data-element_type=\"widget\" data-widget_type=\"image.default\">\n\t\t\t\t\t\t\t\t\t\t\t\t\t\t\t<img loading=\"lazy\" decoding=\"async\" width=\"800\" height=\"800\" src=\"https:\/\/vitatika.com\/wp-content\/uploads\/2026\/01\/14-800x800.png\" class=\"attachment-large size-large wp-image-29129\" alt=\"\" srcset=\"https:\/\/vitatika.com\/wp-content\/uploads\/2026\/01\/14-800x800.png 800w, https:\/\/vitatika.com\/wp-content\/uploads\/2026\/01\/14-430x430.png 430w, https:\/\/vitatika.com\/wp-content\/uploads\/2026\/01\/14-150x150.png 150w, https:\/\/vitatika.com\/wp-content\/uploads\/2026\/01\/14-700x700.png 700w, https:\/\/vitatika.com\/wp-content\/uploads\/2026\/01\/14-300x300.png 300w, https:\/\/vitatika.com\/wp-content\/uploads\/2026\/01\/14-768x768.png 768w, https:\/\/vitatika.com\/wp-content\/uploads\/2026\/01\/14.png 1000w\" sizes=\"auto, (max-width: 800px) 100vw, 800px\" \/>\t\t\t\t\t\t\t\t\t\t\t\t\t\t\t<\/div>\n\t\t\t\t<\/div>\n\t\t\t\t\t<\/div>\n\t\t\t\t<\/div>\n\t\t\t\t<\/div>\n\t\t","protected":false},"excerpt":{"rendered":"<p>Potencia tu salud de forma natural Somos Vitatika\u00a0 IR A TIENDA Sobre nosotros En Vitatika somos una tienda especializada en<\/p>\n","protected":false},"author":1,"featured_media":0,"parent":0,"menu_order":0,"comment_status":"closed","ping_status":"closed","template":"","meta":{"_joinchat":[],"footnotes":""},"class_list":["post-4400","page","type-page","status-publish","hentry"],"_links":{"self":[{"href":"https:\/\/vitatika.com\/index.php?rest_route=\/wp\/v2\/pages\/4400","targetHints":{"allow":["GET"]}}],"collection":[{"href":"https:\/\/vitatika.com\/index.php?rest_route=\/wp\/v2\/pages"}],"about":[{"href":"https:\/\/vitatika.com\/index.php?rest_route=\/wp\/v2\/types\/page"}],"author":[{"embeddable":true,"href":"https:\/\/vitatika.com\/index.php?rest_route=\/wp\/v2\/users\/1"}],"replies":[{"embeddable":true,"href":"https:\/\/vitatika.com\/index.php?rest_route=%2Fwp%2Fv2%2Fcomments&post=4400"}],"version-history":[{"count":34,"href":"https:\/\/vitatika.com\/index.php?rest_route=\/wp\/v2\/pages\/4400\/revisions"}],"predecessor-version":[{"id":29330,"href":"https:\/\/vitatika.com\/index.php?rest_route=\/wp\/v2\/pages\/4400\/revisions\/29330"}],"wp:attachment":[{"href":"https:\/\/vitatika.com\/index.php?rest_route=%2Fwp%2Fv2%2Fmedia&parent=4400"}],"curies":[{"name":"wp","href":"https:\/\/api.w.org\/{rel}","templated":true}]}}